{"id":888,"date":"2023-11-05T16:34:21","date_gmt":"2023-11-05T13:34:21","guid":{"rendered":"https:\/\/basakcaypinar.com\/?page_id=888"},"modified":"2024-02-14T14:16:32","modified_gmt":"2024-02-14T11:16:32","slug":"hakkimizda","status":"publish","type":"page","link":"https:\/\/basakcaypinar.com\/it\/hakkimizda","title":{"rendered":"Hakk\u0131m\u0131zda"},"content":{"rendered":"\t\t<div data-elementor-type=\"wp-page\" data-elementor-id=\"888\" class=\"elementor elementor-888\">\n\t\t\t\t\t\t<section class=\"elementor-section elementor-top-section elementor-element elementor-element-71616a9 elementor-section-stretched elementor-section-boxed elementor-section-height-default elementor-section-height-default wpr-particle-no wpr-jarallax-no wpr-parallax-no wpr-sticky-section-no\" data-id=\"71616a9\" data-element_type=\"section\" data-settings=\"{&quot;background_background&quot;:&quot;classic&quot;,&quot;stretch_section&quot;:&quot;section-stretched&quot;}\">\n\t\t\t\t\t\t<div class=\"elementor-container elementor-column-gap-default\">\n\t\t\t\t\t<div class=\"elementor-column elementor-col-100 elementor-top-column elementor-element elementor-element-e5581ad\" data-id=\"e5581ad\" data-element_type=\"column\">\n\t\t\t<div class=\"elementor-widget-wrap elementor-element-populated\">\n\t\t\t\t\t\t<div class=\"elementor-element elementor-element-392d5f5 elementor-widget elementor-widget-heading\" data-id=\"392d5f5\" data-element_type=\"widget\" data-widget_type=\"heading.default\">\n\t\t\t\t<div class=\"elementor-widget-container\">\n\t\t\t\t\t<h1 class=\"elementor-heading-title elementor-size-default\">Hakk\u0131m\u0131zda<\/h1>\t\t\t\t<\/div>\n\t\t\t\t<\/div>\n\t\t\t\t<div class=\"elementor-element elementor-element-33bec5d elementor-widget elementor-widget-heading\" data-id=\"33bec5d\" data-element_type=\"widget\" data-widget_type=\"heading.default\">\n\t\t\t\t<div class=\"elementor-widget-container\">\n\t\t\t\t\t<div class=\"elementor-heading-title elementor-size-default\"><div class=\"aioseo-breadcrumbs\"><span class=\"aioseo-breadcrumb\">\n\tAnasayfa\n<\/span><\/div><\/div>\t\t\t\t<\/div>\n\t\t\t\t<\/div>\n\t\t\t\t\t<\/div>\n\t\t<\/div>\n\t\t\t\t\t<\/div>\n\t\t<\/section>\n\t\t\t\t<section class=\"elementor-section elementor-top-section elementor-element elementor-element-4bfe674 elementor-section-stretched elementor-section-boxed elementor-section-height-default elementor-section-height-default wpr-particle-no wpr-jarallax-no wpr-parallax-no wpr-sticky-section-no\" data-id=\"4bfe674\" data-element_type=\"section\" data-settings=\"{&quot;background_background&quot;:&quot;classic&quot;,&quot;stretch_section&quot;:&quot;section-stretched&quot;}\">\n\t\t\t\t\t\t<div class=\"elementor-container elementor-column-gap-default\">\n\t\t\t\t\t<div class=\"elementor-column elementor-col-50 elementor-top-column elementor-element elementor-element-19566d7\" data-id=\"19566d7\" data-element_type=\"column\">\n\t\t\t<div class=\"elementor-widget-wrap elementor-element-populated\">\n\t\t\t\t\t\t<div class=\"elementor-element elementor-element-9af26ea elementor-hidden-desktop elementor-hidden-tablet elementor-widget elementor-widget-image\" data-id=\"9af26ea\" data-element_type=\"widget\" data-widget_type=\"image.default\">\n\t\t\t\t<div class=\"elementor-widget-container\">\n\t\t\t\t\t\t\t\t\t\t\t\t\t\t\t<img fetchpriority=\"high\" decoding=\"async\" width=\"1000\" height=\"1000\" src=\"https:\/\/basakcaypinar.com\/it\/wp-content\/uploads\/2024\/01\/about-mobil1.jpg\" class=\"attachment-full size-full wp-image-3962\" alt=\"\" srcset=\"https:\/\/basakcaypinar.com\/it\/wp-content\/uploads\/2024\/01\/about-mobil1.jpg 1000w, https:\/\/basakcaypinar.com\/it\/wp-content\/uploads\/2024\/01\/about-mobil1-300x300.jpg 300w, https:\/\/basakcaypinar.com\/it\/wp-content\/uploads\/2024\/01\/about-mobil1-150x150.jpg 150w\" sizes=\"(max-width: 1000px) 100vw, 1000px\" \/>\t\t\t\t\t\t\t\t\t\t\t\t\t\t\t<\/div>\n\t\t\t\t<\/div>\n\t\t\t\t<div class=\"elementor-element elementor-element-bee6a0f elementor-widget elementor-widget-heading\" data-id=\"bee6a0f\" data-element_type=\"widget\" data-widget_type=\"heading.default\">\n\t\t\t\t<div class=\"elementor-widget-container\">\n\t\t\t\t\t<div class=\"elementor-heading-title elementor-size-default\">Kulak Burun Bo\u011faz Uzman\u0131<\/div>\t\t\t\t<\/div>\n\t\t\t\t<\/div>\n\t\t\t\t<div class=\"elementor-element elementor-element-63e3a0f elementor-widget elementor-widget-heading\" data-id=\"63e3a0f\" data-element_type=\"widget\" data-widget_type=\"heading.default\">\n\t\t\t\t<div class=\"elementor-widget-container\">\n\t\t\t\t\t<h2 class=\"elementor-heading-title elementor-size-default\">Op. Dr. Ba\u015fak \u00c7ayp\u0131nar<\/h2>\t\t\t\t<\/div>\n\t\t\t\t<\/div>\n\t\t\t\t<div class=\"elementor-element elementor-element-42d0ade elementor-widget elementor-widget-spacer\" data-id=\"42d0ade\" data-element_type=\"widget\" data-widget_type=\"spacer.default\">\n\t\t\t\t<div class=\"elementor-widget-container\">\n\t\t\t\t\t\t\t<div class=\"elementor-spacer\">\n\t\t\t<div class=\"elementor-spacer-inner\"><\/div>\n\t\t<\/div>\n\t\t\t\t\t\t<\/div>\n\t\t\t\t<\/div>\n\t\t\t\t<div class=\"elementor-element elementor-element-4ad28bf elementor-widget elementor-widget-text-editor\" data-id=\"4ad28bf\" data-element_type=\"widget\" data-widget_type=\"text-editor.default\">\n\t\t\t\t<div class=\"elementor-widget-container\">\n\t\t\t\t\t\t\t\t\t<p>Dr. Ba\u015fak \u00c7ayp\u0131nar; 1983 Konya do\u011fumlu olup ilk \u00f6\u011fretimini Konya \u0130nk\u0131lap \u0130lkokulunda tamamlam\u0131\u015f, sonras\u0131nda Konya 8.si olarak Konya Meram Anadolu Lisesini ve Konya <a href=\"http:\/\/45.si\">45.si<\/a> olarak Konya Meram Fen lisesini kazanm\u0131\u015ft\u0131r. 2007 senesinde \u0130stanbul \u00dcniversitesi Cerrahpa\u015fa T\u0131p Fak\u00fcltesi\u2019nden mezun olmu\u015f, TUS ta T\u00fcrkiye 365. Si olarak \u00dcmraniye E\u011fitim ve Ara\u015ft\u0131rma Hastanesi\u2019 nde kulak burun bo\u011faz b\u00f6l\u00fcm\u00fcn\u00fc kazanm\u0131\u015ft\u0131r. 2013 y\u0131l\u0131nda ihtisas\u0131n\u0131 tamamlam\u0131\u015f, ihtisas s\u00fcresinde \u00a0Amerika Birle\u015fik Devletlerindeki Pensilvanya \u00dcniversitesinde endoskopik sin\u00fcs cerrahisi alan\u0131nda t\u00fcm d\u00fcnyada ot\u00f6r kabul edilen Doktor Kennedy ve doktor Palmer&#8217;la g\u00f6zlemci doktor olarak \u00e7al\u0131\u015fm\u0131\u015ft\u0131r.<\/p><p>\u0130htisas sonras\u0131nda Isparta Yalva\u00e7 Devlet Hastanesi\u2019nde mecburi hizmetini tamamlayarak 2015 ten itibaren \u00f6zel sekt\u00f6rde hekimlik sanat\u0131n\u0131 icra ederken , 2017 den itibaren \u0130stanbul Geli\u015fim \u00dcniversitesinde \u00f6\u011fretim \u00fcyesi olarak akademik \u00e7al\u0131\u015fmalar\u0131na devam etmektedir.<\/p><p><strong>Dr. \u00c7ayp\u0131nar; 2022 den beri Atak\u00f6y&#8217;de kendi klini\u011finde hastalar\u0131n\u0131 kabul etmektedir.<\/strong><\/p>\t\t\t\t\t\t\t\t<\/div>\n\t\t\t\t<\/div>\n\t\t\t\t\t<\/div>\n\t\t<\/div>\n\t\t\t\t<div class=\"elementor-column elementor-col-50 elementor-top-column elementor-element elementor-element-288a71b\" data-id=\"288a71b\" data-element_type=\"column\">\n\t\t\t<div class=\"elementor-widget-wrap\">\n\t\t\t\t\t\t\t<\/div>\n\t\t<\/div>\n\t\t\t\t\t<\/div>\n\t\t<\/section>\n\t\t\t\t<section class=\"elementor-section elementor-top-section elementor-element elementor-element-d87f845 elementor-section-stretched elementor-hidden-desktop elementor-hidden-tablet elementor-hidden-mobile elementor-section-boxed elementor-section-height-default elementor-section-height-default wpr-particle-no wpr-jarallax-no wpr-parallax-no wpr-sticky-section-no\" data-id=\"d87f845\" data-element_type=\"section\" data-settings=\"{&quot;background_background&quot;:&quot;classic&quot;,&quot;stretch_section&quot;:&quot;section-stretched&quot;}\">\n\t\t\t\t\t\t<div class=\"elementor-container elementor-column-gap-default\">\n\t\t\t\t\t<div class=\"elementor-column elementor-col-50 elementor-top-column elementor-element elementor-element-d0fd3b9\" data-id=\"d0fd3b9\" data-element_type=\"column\">\n\t\t\t<div class=\"elementor-widget-wrap elementor-element-populated\">\n\t\t\t\t\t\t<div class=\"elementor-element elementor-element-239a925 elementor-hidden-desktop elementor-hidden-tablet elementor-widget elementor-widget-image\" data-id=\"239a925\" data-element_type=\"widget\" data-widget_type=\"image.default\">\n\t\t\t\t<div class=\"elementor-widget-container\">\n\t\t\t\t\t\t\t\t\t\t\t\t\t\t\t<img fetchpriority=\"high\" decoding=\"async\" width=\"1000\" height=\"1000\" src=\"https:\/\/basakcaypinar.com\/it\/wp-content\/uploads\/2024\/01\/about-mobil1.jpg\" class=\"attachment-full size-full wp-image-3962\" alt=\"\" srcset=\"https:\/\/basakcaypinar.com\/it\/wp-content\/uploads\/2024\/01\/about-mobil1.jpg 1000w, https:\/\/basakcaypinar.com\/it\/wp-content\/uploads\/2024\/01\/about-mobil1-300x300.jpg 300w, https:\/\/basakcaypinar.com\/it\/wp-content\/uploads\/2024\/01\/about-mobil1-150x150.jpg 150w\" sizes=\"(max-width: 1000px) 100vw, 1000px\" \/>\t\t\t\t\t\t\t\t\t\t\t\t\t\t\t<\/div>\n\t\t\t\t<\/div>\n\t\t\t\t<div class=\"elementor-element elementor-element-102693c elementor-widget elementor-widget-heading\" data-id=\"102693c\" data-element_type=\"widget\" data-widget_type=\"heading.default\">\n\t\t\t\t<div class=\"elementor-widget-container\">\n\t\t\t\t\t<div class=\"elementor-heading-title elementor-size-default\">Kulak Burun Bo\u011faz Uzman\u0131<\/div>\t\t\t\t<\/div>\n\t\t\t\t<\/div>\n\t\t\t\t<div class=\"elementor-element elementor-element-55faf2c elementor-widget elementor-widget-heading\" data-id=\"55faf2c\" data-element_type=\"widget\" data-widget_type=\"heading.default\">\n\t\t\t\t<div class=\"elementor-widget-container\">\n\t\t\t\t\t<h2 class=\"elementor-heading-title elementor-size-default\">Op. Dr. Ba\u015fak \u00c7ayp\u0131nar<\/h2>\t\t\t\t<\/div>\n\t\t\t\t<\/div>\n\t\t\t\t<div class=\"elementor-element elementor-element-224588c elementor-widget elementor-widget-spacer\" data-id=\"224588c\" data-element_type=\"widget\" data-widget_type=\"spacer.default\">\n\t\t\t\t<div class=\"elementor-widget-container\">\n\t\t\t\t\t\t\t<div class=\"elementor-spacer\">\n\t\t\t<div class=\"elementor-spacer-inner\"><\/div>\n\t\t<\/div>\n\t\t\t\t\t\t<\/div>\n\t\t\t\t<\/div>\n\t\t\t\t<div class=\"elementor-element elementor-element-5cde645 elementor-widget elementor-widget-text-editor\" data-id=\"5cde645\" data-element_type=\"widget\" data-widget_type=\"text-editor.default\">\n\t\t\t\t<div class=\"elementor-widget-container\">\n\t\t\t\t\t\t\t\t\t<p>1983 Konya do\u011fumluyum. \u0130nk\u0131lap \u0130lkokulunda ba\u015flad\u0131\u011f\u0131m \u00f6\u011frenim hayat\u0131ma anadolu lisesi s\u0131navlar\u0131nda Konya 8.si olarak kazand\u0131\u011f\u0131m Konya Meram Anadolu Lisesi\u2019nde devam ettim. Fen lisesi s\u0131nav\u0131nda Konya Meram Fen Lisesi\u2019 nde okumaya hak kazand\u0131m fakat yat\u0131l\u0131 olmas\u0131 sebebiyle gitmeyip lise e\u011fitimimi kendi okulumda tamamlad\u0131m. \u00dcniversite s\u0131navlar\u0131yla birlikte, \u0130stanbul \u00dcniversitesi Cerrahpa\u015fa T\u0131p Fak\u00fcltesi\u2019ne girerek t\u0131p e\u011fitimi ald\u0131m. Daha sonra \u00dcmraniye E\u011fitim ve Ara\u015ft\u0131rma Hastanesi\u2019 nde kulak burun bo\u011faz b\u00f6l\u00fcm\u00fcn\u00fc kazan\u0131p ihtisas\u0131m\u0131 tamamlad\u0131m. \u0130htisas s\u00fcremde Pensilvanya \u00dcniversitesinde endoskopik sin\u00fcs cerrahisi alan\u0131nda t\u00fcm d\u00fcnyada ot\u00f6r kabul edilen Doktor Kennedy ve doktor Palmer la g\u00f6zlemci doktor olarak \u00e7al\u0131\u015fma \u015fans\u0131m oldu. \u0130htisas\u0131m bitince Isparta Yalva\u00e7 Devlet Hastanesi \u2018nde mecburi hizmetimi tamamlad\u0131m.<\/p><p>Annem tarih \u00f6\u011fretmeni, babam Almanca \u00f6\u011fretmenidir. Benden 3,5 ya\u015f b\u00fcy\u00fck a\u011fabeyim de benim gibi Cerrahpa\u015fa T\u0131p Fak\u00fcltesi mezunu olup \u015fu an ortopedi uzman\u0131d\u0131r. Evliyim ve e\u015fim m\u00fchendis olarak \u00f6zel sekt\u00f6rde \u00e7al\u0131\u015fmaktad\u0131r. Aileme \u00e7ok d\u00fc\u015fk\u00fcn\u00fcm. \u0130\u015fimi \u00e7ok severek yap\u0131yorum son y\u0131llarda \u00f6zellikle y\u00fcz estetik cerrahisi ve burun esteti\u011fi ile ilgilenmekteyim.<\/p><p>\u0130lkokuldan ba\u015flayarak t\u00fcm e\u011fitim hayat\u0131mda \u00fcst\u00fcmde hakk\u0131 ve eme\u011fi olan t\u00fcm \u00f6\u011fretmenlerime, meslekta\u015flar\u0131ma ve hocalar\u0131ma, anneme, babama ve abime sonsuz te\u015fekk\u00fcr ederim.<\/p>\t\t\t\t\t\t\t\t<\/div>\n\t\t\t\t<\/div>\n\t\t\t\t\t<\/div>\n\t\t<\/div>\n\t\t\t\t<div class=\"elementor-column elementor-col-50 elementor-top-column elementor-element elementor-element-e183813\" data-id=\"e183813\" data-element_type=\"column\">\n\t\t\t<div class=\"elementor-widget-wrap\">\n\t\t\t\t\t\t\t<\/div>\n\t\t<\/div>\n\t\t\t\t\t<\/div>\n\t\t<\/section>\n\t\t\t\t<section class=\"elementor-section elementor-top-section elementor-element elementor-element-9baf8f1 elementor-section-stretched elementor-section-boxed elementor-section-height-default elementor-section-height-default wpr-particle-no wpr-jarallax-no wpr-parallax-no wpr-sticky-section-no\" data-id=\"9baf8f1\" data-element_type=\"section\" data-settings=\"{&quot;background_background&quot;:&quot;classic&quot;,&quot;stretch_section&quot;:&quot;section-stretched&quot;}\">\n\t\t\t\t\t\t<div class=\"elementor-container elementor-column-gap-default\">\n\t\t\t\t\t<div class=\"elementor-column elementor-col-50 elementor-top-column elementor-element elementor-element-449c94b\" data-id=\"449c94b\" data-element_type=\"column\">\n\t\t\t<div class=\"elementor-widget-wrap elementor-element-populated\">\n\t\t\t\t\t\t<div class=\"elementor-element elementor-element-6a5bcf6 elementor-widget elementor-widget-heading\" data-id=\"6a5bcf6\" data-element_type=\"widget\" data-widget_type=\"heading.default\">\n\t\t\t\t<div class=\"elementor-widget-container\">\n\t\t\t\t\t<h2 class=\"elementor-heading-title elementor-size-default\">Kat\u0131ld\u0131\u011f\u0131 Kurs ve Konferanslar<\/h2>\t\t\t\t<\/div>\n\t\t\t\t<\/div>\n\t\t\t\t<div class=\"elementor-element elementor-element-a55fed1 elementor-widget elementor-widget-spacer\" data-id=\"a55fed1\" data-element_type=\"widget\" data-widget_type=\"spacer.default\">\n\t\t\t\t<div class=\"elementor-widget-container\">\n\t\t\t\t\t\t\t<div class=\"elementor-spacer\">\n\t\t\t<div class=\"elementor-spacer-inner\"><\/div>\n\t\t<\/div>\n\t\t\t\t\t\t<\/div>\n\t\t\t\t<\/div>\n\t\t\t\t<div class=\"elementor-element elementor-element-5b44572 elementor-widget elementor-widget-text-editor\" data-id=\"5b44572\" data-element_type=\"widget\" data-widget_type=\"text-editor.default\">\n\t\t\t\t<div class=\"elementor-widget-container\">\n\t\t\t\t\t\t\t\t\t<ul><li>Marmara \u00dcniversitesi Hayvan Deneyleri Kursu 3-14 ekim 2011; \u0130stanbul<\/li><li>\u0130nteraktif RPAC (Rinoplasti ve Apne Cerrahisi) Toplant\u0131lar\u0131; 23 May\u0131s 2009; Ankara<\/li><li>\u0130stanbul KBB-BBC Uzmanlar\u0131 Derne\u011fi 1. Kongresi &amp; SKYBD Workshop; 20-21 Haziran 2009; \u0130stanbul<\/li><li>9. Uluslar aras\u0131 Kulak Burun Bo\u011faz ve Ba\u015f Boyun Cerrahisi Kongresi; 8-10 Nisan 2010; Ankara<\/li><li>Videokonferanslar-8; 26-28 Mart 2010; Adana<\/li><li>KBB\u2019 de Yorum Fark\u0131; 15-17 Eyl\u00fcl 2010; Sapanca<\/li><li>32. T\u00fcrk Ulusal Kulak Burun Bo\u011faz ve Ba\u015f Boyun Cerrahisi Kongresi; 27-31 Ekim 2010; Antalya<\/li><li>The Penn International Rhinology an Skull Base Dissection Course, 10-12 Mart 2011; Pensilvanya; A.B.D.<\/li><li>Kadavrada Uygulamal\u0131 Endoskopik Sin\u00fcs Cerrahisi Kursu; 2-4 Aral\u0131k 2011; Akdeniz \u00dcniversitesi T\u0131p Fak\u00fcltesi<\/li><li>8. T\u00fcrk Rinoloji Kongresi; 24-27 May\u0131s 2012; Antalya<\/li><li>AAO-HNSF 2012 Annual Meeting &amp; Oto Expo; 9-12 Eyl\u00fcl 2012; Washington, A.B.D.<\/li><li>10. Rhinocamp; 08-12 May\u0131s 2013; Bodrum<\/li><li>9. T\u00fcrk Rinoloji Kongresi; 23-26 May\u0131s 2013; Antalya<\/li><li>Burun ve G\u00f6z\u00fcn Estetik Bulu\u015fmas\u0131; 29 Eyl\u00fcl 2013; Sapanca<\/li><li>8.Ulusal Y\u00fcz Plastik Cerrahi Derne\u011fi Toplant\u0131s\u0131; 5-7 Aral\u0131k 2014; Ankara<\/li><li>Advances in Rhinoplasty; 14-17 May\u0131s 2015; Chicago; A.B.D.<\/li><\/ul>\t\t\t\t\t\t\t\t<\/div>\n\t\t\t\t<\/div>\n\t\t\t\t\t<\/div>\n\t\t<\/div>\n\t\t\t\t<div class=\"elementor-column elementor-col-50 elementor-top-column elementor-element elementor-element-2dfad0b\" data-id=\"2dfad0b\" data-element_type=\"column\">\n\t\t\t<div class=\"elementor-widget-wrap elementor-element-populated\">\n\t\t\t\t\t\t<div class=\"elementor-element elementor-element-b9c89b7 elementor-widget elementor-widget-heading\" data-id=\"b9c89b7\" data-element_type=\"widget\" data-widget_type=\"heading.default\">\n\t\t\t\t<div class=\"elementor-widget-container\">\n\t\t\t\t\t<h2 class=\"elementor-heading-title elementor-size-default\">\u00d6d\u00fcller<\/h2>\t\t\t\t<\/div>\n\t\t\t\t<\/div>\n\t\t\t\t<div class=\"elementor-element elementor-element-740d707 elementor-widget elementor-widget-spacer\" data-id=\"740d707\" data-element_type=\"widget\" data-widget_type=\"spacer.default\">\n\t\t\t\t<div class=\"elementor-widget-container\">\n\t\t\t\t\t\t\t<div class=\"elementor-spacer\">\n\t\t\t<div class=\"elementor-spacer-inner\"><\/div>\n\t\t<\/div>\n\t\t\t\t\t\t<\/div>\n\t\t\t\t<\/div>\n\t\t\t\t<div class=\"elementor-element elementor-element-2c19190 elementor-widget elementor-widget-text-editor\" data-id=\"2c19190\" data-element_type=\"widget\" data-widget_type=\"text-editor.default\">\n\t\t\t\t<div class=\"elementor-widget-container\">\n\t\t\t\t\t\t\t\t\t35. T\u00fcrk Ulusal Kulak Burun Bo\u011faz ve Ba\u015f Boyun Cerrahisi Kongresi En \u0130yi Ara\u015ft\u0131rmac\u0131 \u00dc\u00e7\u00fcnc\u00fcl\u00fck \u00d6d\u00fcl\u00fc\t\t\t\t\t\t\t\t<\/div>\n\t\t\t\t<\/div>\n\t\t\t\t<div class=\"elementor-element elementor-element-13a7d90 elementor-widget elementor-widget-spacer\" data-id=\"13a7d90\" data-element_type=\"widget\" data-widget_type=\"spacer.default\">\n\t\t\t\t<div class=\"elementor-widget-container\">\n\t\t\t\t\t\t\t<div class=\"elementor-spacer\">\n\t\t\t<div class=\"elementor-spacer-inner\"><\/div>\n\t\t<\/div>\n\t\t\t\t\t\t<\/div>\n\t\t\t\t<\/div>\n\t\t\t\t<div class=\"elementor-element elementor-element-2dc6c0a elementor-widget elementor-widget-image\" data-id=\"2dc6c0a\" data-element_type=\"widget\" data-widget_type=\"image.default\">\n\t\t\t\t<div class=\"elementor-widget-container\">\n\t\t\t\t\t\t\t\t\t\t\t\t\t\t\t\t<a ref=\"magnificPopup\" href=\"https:\/\/basakcaypinar.com\/it\/wp-content\/uploads\/2024\/01\/odul.jpg\" data-elementor-open-lightbox=\"yes\" data-elementor-lightbox-title=\"odul\" data-e-action-hash=\"#elementor-action%3Aaction%3Dlightbox%26settings%3DeyJpZCI6Mzk5NiwidXJsIjoiaHR0cHM6XC9cL2Jhc2FrY2F5cGluYXIuY29tXC9pdFwvd3AtY29udGVudFwvdXBsb2Fkc1wvMjAyNFwvMDFcL29kdWwuanBnIn0%3D\">\n\t\t\t\t\t\t\t<img decoding=\"async\" width=\"2265\" height=\"1636\" src=\"https:\/\/basakcaypinar.com\/it\/wp-content\/uploads\/2024\/01\/odul.jpg\" class=\"attachment-full size-full wp-image-3996\" alt=\"\" srcset=\"https:\/\/basakcaypinar.com\/it\/wp-content\/uploads\/2024\/01\/odul.jpg 2265w, https:\/\/basakcaypinar.com\/it\/wp-content\/uploads\/2024\/01\/odul-300x217.jpg 300w, https:\/\/basakcaypinar.com\/it\/wp-content\/uploads\/2024\/01\/odul-1024x740.jpg 1024w\" sizes=\"(max-width: 2265px) 100vw, 2265px\" \/>\t\t\t\t\t\t\t\t<\/a>\n\t\t\t\t\t\t\t\t\t\t\t\t\t\t\t<\/div>\n\t\t\t\t<\/div>\n\t\t\t\t\t<\/div>\n\t\t<\/div>\n\t\t\t\t\t<\/div>\n\t\t<\/section>\n\t\t\t\t<\/div>\n\t\t","protected":false},"excerpt":{"rendered":"<p>Hakk\u0131m\u0131zda Kulak Burun Bo\u011faz Uzman\u0131 Op. Dr. Ba\u015fak \u00c7ayp\u0131nar Dr. Ba\u015fak \u00c7ayp\u0131nar; 1983 Konya do\u011fumlu olup ilk \u00f6\u011fretimini Konya \u0130nk\u0131lap \u0130lkokulunda tamamlam\u0131\u015f, sonras\u0131nda Konya 8.si olarak Konya Meram Anadolu Lisesini ve Konya 45.si olarak Konya Meram Fen lisesini kazanm\u0131\u015ft\u0131r. 2007 senesinde \u0130stanbul \u00dcniversitesi Cerrahpa\u015fa T\u0131p Fak\u00fcltesi\u2019nden mezun olmu\u015f, TUS ta T\u00fcrkiye 365. Si olarak \u00dcmraniye E\u011fitim ve Ara\u015ft\u0131rma Hastanesi\u2019 nde kulak burun bo\u011faz b\u00f6l\u00fcm\u00fcn\u00fc kazanm\u0131\u015ft\u0131r. 2013 y\u0131l\u0131nda ihtisas\u0131n\u0131 tamamlam\u0131\u015f, ihtisas s\u00fcresinde \u00a0Amerika Birle\u015fik Devletlerindeki Pensilvanya \u00dcniversitesinde endoskopik sin\u00fcs cerrahisi alan\u0131nda t\u00fcm d\u00fcnyada ot\u00f6r kabul edilen Doktor Kennedy ve doktor Palmer&#8217;la g\u00f6zlemci doktor olarak \u00e7al\u0131\u015fm\u0131\u015ft\u0131r. \u0130htisas sonras\u0131nda Isparta Yalva\u00e7 Devlet Hastanesi\u2019nde mecburi hizmetini tamamlayarak 2015 ten itibaren \u00f6zel sekt\u00f6rde hekimlik sanat\u0131n\u0131 icra ederken , 2017 den itibaren \u0130stanbul Geli\u015fim \u00dcniversitesinde \u00f6\u011fretim \u00fcyesi olarak akademik \u00e7al\u0131\u015fmalar\u0131na devam etmektedir. Dr. \u00c7ayp\u0131nar; 2022 den beri Atak\u00f6y&#8217;de kendi klini\u011finde hastalar\u0131n\u0131 kabul etmektedir. Kulak Burun Bo\u011faz Uzman\u0131 Op. Dr. Ba\u015fak \u00c7ayp\u0131nar 1983 Konya do\u011fumluyum. \u0130nk\u0131lap \u0130lkokulunda ba\u015flad\u0131\u011f\u0131m \u00f6\u011frenim hayat\u0131ma anadolu lisesi s\u0131navlar\u0131nda Konya 8.si olarak kazand\u0131\u011f\u0131m Konya Meram Anadolu Lisesi\u2019nde devam ettim. Fen lisesi s\u0131nav\u0131nda Konya Meram Fen Lisesi\u2019 nde okumaya hak kazand\u0131m fakat yat\u0131l\u0131 olmas\u0131 sebebiyle gitmeyip lise e\u011fitimimi kendi okulumda tamamlad\u0131m. \u00dcniversite s\u0131navlar\u0131yla birlikte, \u0130stanbul \u00dcniversitesi Cerrahpa\u015fa T\u0131p Fak\u00fcltesi\u2019ne girerek t\u0131p e\u011fitimi ald\u0131m. Daha sonra \u00dcmraniye E\u011fitim ve Ara\u015ft\u0131rma Hastanesi\u2019 nde kulak burun bo\u011faz b\u00f6l\u00fcm\u00fcn\u00fc kazan\u0131p ihtisas\u0131m\u0131 tamamlad\u0131m. \u0130htisas s\u00fcremde Pensilvanya \u00dcniversitesinde endoskopik sin\u00fcs cerrahisi alan\u0131nda t\u00fcm d\u00fcnyada ot\u00f6r kabul edilen Doktor Kennedy ve doktor Palmer la g\u00f6zlemci doktor olarak \u00e7al\u0131\u015fma \u015fans\u0131m oldu. \u0130htisas\u0131m bitince Isparta Yalva\u00e7 Devlet Hastanesi \u2018nde mecburi hizmetimi tamamlad\u0131m. Annem tarih \u00f6\u011fretmeni, babam Almanca \u00f6\u011fretmenidir. Benden 3,5 ya\u015f b\u00fcy\u00fck a\u011fabeyim de benim gibi Cerrahpa\u015fa T\u0131p Fak\u00fcltesi mezunu olup \u015fu an ortopedi uzman\u0131d\u0131r. Evliyim ve e\u015fim m\u00fchendis olarak \u00f6zel sekt\u00f6rde \u00e7al\u0131\u015fmaktad\u0131r. Aileme \u00e7ok d\u00fc\u015fk\u00fcn\u00fcm. \u0130\u015fimi \u00e7ok severek yap\u0131yorum son y\u0131llarda \u00f6zellikle y\u00fcz estetik cerrahisi ve burun esteti\u011fi ile ilgilenmekteyim. \u0130lkokuldan ba\u015flayarak t\u00fcm e\u011fitim hayat\u0131mda \u00fcst\u00fcmde hakk\u0131 ve eme\u011fi olan t\u00fcm \u00f6\u011fretmenlerime, meslekta\u015flar\u0131ma ve hocalar\u0131ma, anneme, babama ve abime sonsuz te\u015fekk\u00fcr ederim. Kat\u0131ld\u0131\u011f\u0131 Kurs ve Konferanslar Marmara \u00dcniversitesi Hayvan Deneyleri Kursu 3-14 ekim 2011; \u0130stanbul \u0130nteraktif RPAC (Rinoplasti ve Apne Cerrahisi) Toplant\u0131lar\u0131; 23 May\u0131s 2009; Ankara \u0130stanbul KBB-BBC Uzmanlar\u0131 Derne\u011fi 1. Kongresi &amp; SKYBD Workshop; 20-21 Haziran 2009; \u0130stanbul 9. Uluslar aras\u0131 Kulak Burun Bo\u011faz ve Ba\u015f Boyun Cerrahisi Kongresi; 8-10 Nisan 2010; Ankara Videokonferanslar-8; 26-28 Mart 2010; Adana KBB\u2019 de Yorum Fark\u0131; 15-17 Eyl\u00fcl 2010; Sapanca 32. T\u00fcrk Ulusal Kulak Burun Bo\u011faz ve Ba\u015f Boyun Cerrahisi Kongresi; 27-31 Ekim 2010; Antalya The Penn International Rhinology an Skull Base Dissection Course, 10-12 Mart 2011; Pensilvanya; A.B.D. Kadavrada Uygulamal\u0131 Endoskopik Sin\u00fcs Cerrahisi Kursu; 2-4 Aral\u0131k 2011; Akdeniz \u00dcniversitesi T\u0131p Fak\u00fcltesi 8. T\u00fcrk Rinoloji Kongresi; 24-27 May\u0131s 2012; Antalya AAO-HNSF 2012 Annual Meeting &amp; Oto Expo; 9-12 Eyl\u00fcl 2012; Washington, A.B.D. 10. Rhinocamp; 08-12 May\u0131s 2013; Bodrum 9. T\u00fcrk Rinoloji Kongresi; 23-26 May\u0131s 2013; Antalya Burun ve G\u00f6z\u00fcn Estetik Bulu\u015fmas\u0131; 29 Eyl\u00fcl 2013; Sapanca 8.Ulusal Y\u00fcz Plastik Cerrahi Derne\u011fi Toplant\u0131s\u0131; 5-7 Aral\u0131k 2014; Ankara Advances in Rhinoplasty; 14-17 May\u0131s 2015; Chicago; A.B.D. \u00d6d\u00fcller 35. T\u00fcrk Ulusal Kulak Burun Bo\u011faz ve Ba\u015f Boyun Cerrahisi Kongresi En \u0130yi Ara\u015ft\u0131rmac\u0131 \u00dc\u00e7\u00fcnc\u00fcl\u00fck \u00d6d\u00fcl\u00fc<\/p>\n","protected":false},"author":1,"featured_media":0,"parent":0,"menu_order":0,"comment_status":"closed","ping_status":"closed","template":"","meta":{"_lmt_disableupdate":"","_lmt_disable":"","_joinchat":[],"footnotes":""},"class_list":["post-888","page","type-page","status-publish","hentry"],"aioseo_notices":[],"_links":{"self":[{"href":"https:\/\/basakcaypinar.com\/it\/wp-json\/wp\/v2\/pages\/888","targetHints":{"allow":["GET"]}}],"collection":[{"href":"https:\/\/basakcaypinar.com\/it\/wp-json\/wp\/v2\/pages"}],"about":[{"href":"https:\/\/basakcaypinar.com\/it\/wp-json\/wp\/v2\/types\/page"}],"author":[{"embeddable":true,"href":"https:\/\/basakcaypinar.com\/it\/wp-json\/wp\/v2\/users\/1"}],"replies":[{"embeddable":true,"href":"https:\/\/basakcaypinar.com\/it\/wp-json\/wp\/v2\/comments?post=888"}],"version-history":[{"count":257,"href":"https:\/\/basakcaypinar.com\/it\/wp-json\/wp\/v2\/pages\/888\/revisions"}],"predecessor-version":[{"id":4286,"href":"https:\/\/basakcaypinar.com\/it\/wp-json\/wp\/v2\/pages\/888\/revisions\/4286"}],"wp:attachment":[{"href":"https:\/\/basakcaypinar.com\/it\/wp-json\/wp\/v2\/media?parent=888"}],"curies":[{"name":"wp","href":"https:\/\/api.w.org\/{rel}","templated":true}]}}