{"id":2283,"date":"2023-11-09T14:26:29","date_gmt":"2023-11-09T11:26:29","guid":{"rendered":"https:\/\/basakcaypinar.com\/?page_id=2283"},"modified":"2023-12-10T05:29:23","modified_gmt":"2023-12-10T02:29:23","slug":"blog","status":"publish","type":"page","link":"https:\/\/basakcaypinar.com\/it\/blog","title":{"rendered":"Blog"},"content":{"rendered":"\t\t<div data-elementor-type=\"wp-page\" data-elementor-id=\"2283\" class=\"elementor elementor-2283\">\n\t\t\t\t\t\t<section class=\"elementor-section elementor-top-section elementor-element elementor-element-4dabde6 elementor-section-stretched elementor-section-boxed elementor-section-height-default elementor-section-height-default wpr-particle-no wpr-jarallax-no wpr-parallax-no wpr-sticky-section-no\" data-id=\"4dabde6\" data-element_type=\"section\" data-settings=\"{&quot;background_background&quot;:&quot;classic&quot;,&quot;stretch_section&quot;:&quot;section-stretched&quot;}\">\n\t\t\t\t\t\t<div class=\"elementor-container elementor-column-gap-default\">\n\t\t\t\t\t<div class=\"elementor-column elementor-col-100 elementor-top-column elementor-element elementor-element-7b4fee9\" data-id=\"7b4fee9\" data-element_type=\"column\">\n\t\t\t<div class=\"elementor-widget-wrap elementor-element-populated\">\n\t\t\t\t\t\t<div class=\"elementor-element elementor-element-e84323b elementor-widget elementor-widget-heading\" data-id=\"e84323b\" data-element_type=\"widget\" data-widget_type=\"heading.default\">\n\t\t\t\t<div class=\"elementor-widget-container\">\n\t\t\t\t\t<h1 class=\"elementor-heading-title elementor-size-default\">Blog<\/h1>\t\t\t\t<\/div>\n\t\t\t\t<\/div>\n\t\t\t\t<div class=\"elementor-element elementor-element-c65502a elementor-widget elementor-widget-heading\" data-id=\"c65502a\" data-element_type=\"widget\" data-widget_type=\"heading.default\">\n\t\t\t\t<div class=\"elementor-widget-container\">\n\t\t\t\t\t<div class=\"elementor-heading-title elementor-size-default\"><div class=\"aioseo-breadcrumbs\"><span class=\"aioseo-breadcrumb\">\n\tAnasayfa\n<\/span><\/div><\/div>\t\t\t\t<\/div>\n\t\t\t\t<\/div>\n\t\t\t\t\t<\/div>\n\t\t<\/div>\n\t\t\t\t\t<\/div>\n\t\t<\/section>\n\t\t\t\t<section class=\"elementor-section elementor-top-section elementor-element elementor-element-aae8bff elementor-section-stretched elementor-section-boxed elementor-section-height-default elementor-section-height-default wpr-sticky-section-no\" data-id=\"aae8bff\" data-element_type=\"section\" data-settings=\"{&quot;background_background&quot;:&quot;classic&quot;,&quot;stretch_section&quot;:&quot;section-stretched&quot;}\">\n\t\t\t\t\t\t\t<div class=\"elementor-background-overlay\"><\/div>\n\t\t\t\t\t\t\t<div class=\"elementor-container elementor-column-gap-default\">\n\t\t\t\t\t<div class=\"elementor-column elementor-col-100 elementor-top-column elementor-element elementor-element-756f5ce\" data-id=\"756f5ce\" data-element_type=\"column\">\n\t\t\t<div class=\"elementor-widget-wrap elementor-element-populated\">\n\t\t\t\t\t\t<div class=\"elementor-element elementor-element-707b415 elementor-posts__hover-none elementor-grid-3 elementor-grid-tablet-2 elementor-grid-mobile-1 elementor-posts--thumbnail-top elementor-card-shadow-yes elementor-widget elementor-widget-posts\" data-id=\"707b415\" data-element_type=\"widget\" data-settings=\"{&quot;cards_columns&quot;:&quot;3&quot;,&quot;cards_columns_tablet&quot;:&quot;2&quot;,&quot;cards_columns_mobile&quot;:&quot;1&quot;,&quot;cards_row_gap&quot;:{&quot;unit&quot;:&quot;px&quot;,&quot;size&quot;:35,&quot;sizes&quot;:[]},&quot;cards_row_gap_tablet&quot;:{&quot;unit&quot;:&quot;px&quot;,&quot;size&quot;:&quot;&quot;,&quot;sizes&quot;:[]},&quot;cards_row_gap_mobile&quot;:{&quot;unit&quot;:&quot;px&quot;,&quot;size&quot;:&quot;&quot;,&quot;sizes&quot;:[]}}\" data-widget_type=\"posts.cards\">\n\t\t\t\t<div class=\"elementor-widget-container\">\n\t\t\t\t\t\t\t<div class=\"elementor-posts-container elementor-posts elementor-posts--skin-cards elementor-grid\">\n\t\t\t\t<article class=\"elementor-post elementor-grid-item post-4105 post type-post status-publish format-standard has-post-thumbnail hentry category-blog\">\n\t\t\t<div class=\"elementor-post__card\">\n\t\t\t\t<a class=\"elementor-post__thumbnail__link\" href=\"https:\/\/basakcaypinar.com\/it\/sinus-problemleri-burun-estetigi.html\" ><div class=\"elementor-post__thumbnail\"><img fetchpriority=\"high\" decoding=\"async\" width=\"1000\" height=\"676\" src=\"https:\/\/basakcaypinar.com\/it\/wp-content\/uploads\/2024\/02\/sinus-problemleri-ve-burun-estetigi-blog-1.jpg\" class=\"attachment-full size-full wp-image-4106\" alt=\"\" srcset=\"https:\/\/basakcaypinar.com\/it\/wp-content\/uploads\/2024\/02\/sinus-problemleri-ve-burun-estetigi-blog-1.jpg 1000w, https:\/\/basakcaypinar.com\/it\/wp-content\/uploads\/2024\/02\/sinus-problemleri-ve-burun-estetigi-blog-1-300x203.jpg 300w\" sizes=\"(max-width: 1000px) 100vw, 1000px\" \/><\/div><\/a>\n\t\t\t\t<div class=\"elementor-post__text\">\n\t\t\t\t<h3 class=\"elementor-post__title\">\n\t\t\t<a href=\"https:\/\/basakcaypinar.com\/it\/sinus-problemleri-burun-estetigi.html\" >\n\t\t\t\tSin\u00fcs Problemleri &#038; Burun Esteti\u011fi\t\t\t<\/a>\n\t\t<\/h3>\n\t\t\t\t<\/div>\n\t\t\t\t\t<\/div>\n\t\t<\/article>\n\t\t\t\t<article class=\"elementor-post elementor-grid-item post-4099 post type-post status-publish format-standard has-post-thumbnail hentry category-blog\">\n\t\t\t<div class=\"elementor-post__card\">\n\t\t\t\t<a class=\"elementor-post__thumbnail__link\" href=\"https:\/\/basakcaypinar.com\/it\/horlama-uyku-apnesi-burun-tikanikligi.html\" ><div class=\"elementor-post__thumbnail\"><img decoding=\"async\" width=\"1000\" height=\"676\" src=\"https:\/\/basakcaypinar.com\/it\/wp-content\/uploads\/2024\/02\/horlama-ve-uyku-apnesi-blog-1.jpg\" class=\"attachment-full size-full wp-image-4100\" alt=\"\" srcset=\"https:\/\/basakcaypinar.com\/it\/wp-content\/uploads\/2024\/02\/horlama-ve-uyku-apnesi-blog-1.jpg 1000w, https:\/\/basakcaypinar.com\/it\/wp-content\/uploads\/2024\/02\/horlama-ve-uyku-apnesi-blog-1-300x203.jpg 300w\" sizes=\"(max-width: 1000px) 100vw, 1000px\" \/><\/div><\/a>\n\t\t\t\t<div class=\"elementor-post__text\">\n\t\t\t\t<h3 class=\"elementor-post__title\">\n\t\t\t<a href=\"https:\/\/basakcaypinar.com\/it\/horlama-uyku-apnesi-burun-tikanikligi.html\" >\n\t\t\t\tHorlama-Uyku Apnesi &#038; Burun T\u0131kan\u0131kl\u0131\u011f\u0131\t\t\t<\/a>\n\t\t<\/h3>\n\t\t\t\t<\/div>\n\t\t\t\t\t<\/div>\n\t\t<\/article>\n\t\t\t\t<article class=\"elementor-post elementor-grid-item post-4093 post type-post status-publish format-standard has-post-thumbnail hentry category-blog\">\n\t\t\t<div class=\"elementor-post__card\">\n\t\t\t\t<a class=\"elementor-post__thumbnail__link\" href=\"https:\/\/basakcaypinar.com\/it\/bisektomi.html\" ><div class=\"elementor-post__thumbnail\"><img decoding=\"async\" width=\"1000\" height=\"676\" src=\"https:\/\/basakcaypinar.com\/it\/wp-content\/uploads\/2024\/02\/bisektomi-blog-1.jpg\" class=\"attachment-full size-full wp-image-4094\" alt=\"\" srcset=\"https:\/\/basakcaypinar.com\/it\/wp-content\/uploads\/2024\/02\/bisektomi-blog-1.jpg 1000w, https:\/\/basakcaypinar.com\/it\/wp-content\/uploads\/2024\/02\/bisektomi-blog-1-300x203.jpg 300w\" sizes=\"(max-width: 1000px) 100vw, 1000px\" \/><\/div><\/a>\n\t\t\t\t<div class=\"elementor-post__text\">\n\t\t\t\t<h3 class=\"elementor-post__title\">\n\t\t\t<a href=\"https:\/\/basakcaypinar.com\/it\/bisektomi.html\" >\n\t\t\t\tBi\u015fektomi\t\t\t<\/a>\n\t\t<\/h3>\n\t\t\t\t<\/div>\n\t\t\t\t\t<\/div>\n\t\t<\/article>\n\t\t\t\t<article class=\"elementor-post elementor-grid-item post-4081 post type-post status-publish format-standard has-post-thumbnail hentry category-blog\">\n\t\t\t<div class=\"elementor-post__card\">\n\t\t\t\t<a class=\"elementor-post__thumbnail__link\" href=\"https:\/\/basakcaypinar.com\/it\/allerji-burun-estetigi.html\" ><div class=\"elementor-post__thumbnail\"><img loading=\"lazy\" decoding=\"async\" width=\"1000\" height=\"676\" src=\"https:\/\/basakcaypinar.com\/it\/wp-content\/uploads\/2024\/02\/alerji-ve-burun-estetigi-blog-1.jpg\" class=\"attachment-full size-full wp-image-4082\" alt=\"\" srcset=\"https:\/\/basakcaypinar.com\/it\/wp-content\/uploads\/2024\/02\/alerji-ve-burun-estetigi-blog-1.jpg 1000w, https:\/\/basakcaypinar.com\/it\/wp-content\/uploads\/2024\/02\/alerji-ve-burun-estetigi-blog-1-300x203.jpg 300w\" sizes=\"(max-width: 1000px) 100vw, 1000px\" \/><\/div><\/a>\n\t\t\t\t<div class=\"elementor-post__text\">\n\t\t\t\t<h3 class=\"elementor-post__title\">\n\t\t\t<a href=\"https:\/\/basakcaypinar.com\/it\/allerji-burun-estetigi.html\" >\n\t\t\t\tAllerji &#038; Burun Esteti\u011fi\t\t\t<\/a>\n\t\t<\/h3>\n\t\t\t\t<\/div>\n\t\t\t\t\t<\/div>\n\t\t<\/article>\n\t\t\t\t<article class=\"elementor-post elementor-grid-item post-3845 post type-post status-publish format-standard has-post-thumbnail hentry category-blog\">\n\t\t\t<div class=\"elementor-post__card\">\n\t\t\t\t<a class=\"elementor-post__thumbnail__link\" href=\"https:\/\/basakcaypinar.com\/it\/kulak-kiri-nedir.html\" ><div class=\"elementor-post__thumbnail\"><img loading=\"lazy\" decoding=\"async\" width=\"1000\" height=\"676\" src=\"https:\/\/basakcaypinar.com\/it\/wp-content\/uploads\/2023\/12\/kulak-kiri-nedir-1.jpg\" class=\"attachment-full size-full wp-image-3846\" alt=\"\" srcset=\"https:\/\/basakcaypinar.com\/it\/wp-content\/uploads\/2023\/12\/kulak-kiri-nedir-1.jpg 1000w, https:\/\/basakcaypinar.com\/it\/wp-content\/uploads\/2023\/12\/kulak-kiri-nedir-1-300x203.jpg 300w\" sizes=\"(max-width: 1000px) 100vw, 1000px\" \/><\/div><\/a>\n\t\t\t\t<div class=\"elementor-post__text\">\n\t\t\t\t<h3 class=\"elementor-post__title\">\n\t\t\t<a href=\"https:\/\/basakcaypinar.com\/it\/kulak-kiri-nedir.html\" >\n\t\t\t\tKulak Kiri Nedir?\t\t\t<\/a>\n\t\t<\/h3>\n\t\t\t\t<\/div>\n\t\t\t\t\t<\/div>\n\t\t<\/article>\n\t\t\t\t<article class=\"elementor-post elementor-grid-item post-1859 post type-post status-publish format-standard has-post-thumbnail hentry category-blog\">\n\t\t\t<div class=\"elementor-post__card\">\n\t\t\t\t<a class=\"elementor-post__thumbnail__link\" href=\"https:\/\/basakcaypinar.com\/it\/burun-estetigi-sonrasi-iyilesme-sureci-nasil-isler.html\" ><div class=\"elementor-post__thumbnail\"><img loading=\"lazy\" decoding=\"async\" width=\"1000\" height=\"670\" src=\"https:\/\/basakcaypinar.com\/it\/wp-content\/uploads\/2023\/11\/burun-estetigi-sonrasi-iyilesme-sureci-nasil-isler-1.jpg\" class=\"attachment-full size-full wp-image-3750\" alt=\"\" srcset=\"https:\/\/basakcaypinar.com\/it\/wp-content\/uploads\/2023\/11\/burun-estetigi-sonrasi-iyilesme-sureci-nasil-isler-1.jpg 1000w, https:\/\/basakcaypinar.com\/it\/wp-content\/uploads\/2023\/11\/burun-estetigi-sonrasi-iyilesme-sureci-nasil-isler-1-300x201.jpg 300w\" sizes=\"(max-width: 1000px) 100vw, 1000px\" \/><\/div><\/a>\n\t\t\t\t<div class=\"elementor-post__text\">\n\t\t\t\t<h3 class=\"elementor-post__title\">\n\t\t\t<a href=\"https:\/\/basakcaypinar.com\/it\/burun-estetigi-sonrasi-iyilesme-sureci-nasil-isler.html\" >\n\t\t\t\tBurun Esteti\u011fi Sonras\u0131 \u0130yile\u015fme S\u00fcreci Nas\u0131l \u0130\u015fler?\t\t\t<\/a>\n\t\t<\/h3>\n\t\t\t\t<\/div>\n\t\t\t\t\t<\/div>\n\t\t<\/article>\n\t\t\t\t<article class=\"elementor-post elementor-grid-item post-3756 post type-post status-publish format-standard has-post-thumbnail hentry category-blog\">\n\t\t\t<div class=\"elementor-post__card\">\n\t\t\t\t<a class=\"elementor-post__thumbnail__link\" href=\"https:\/\/basakcaypinar.com\/it\/bademcik-ameliyati-hakkinda-merak-edilenler-nelerdir.html\" ><div class=\"elementor-post__thumbnail\"><img loading=\"lazy\" decoding=\"async\" width=\"1000\" height=\"670\" src=\"https:\/\/basakcaypinar.com\/it\/wp-content\/uploads\/2023\/12\/bademcik-ameliyati-hakkinda-merak-edilenler-nelerdir-1.jpg\" class=\"attachment-full size-full wp-image-3769\" alt=\"\" srcset=\"https:\/\/basakcaypinar.com\/it\/wp-content\/uploads\/2023\/12\/bademcik-ameliyati-hakkinda-merak-edilenler-nelerdir-1.jpg 1000w, https:\/\/basakcaypinar.com\/it\/wp-content\/uploads\/2023\/12\/bademcik-ameliyati-hakkinda-merak-edilenler-nelerdir-1-300x201.jpg 300w\" sizes=\"(max-width: 1000px) 100vw, 1000px\" \/><\/div><\/a>\n\t\t\t\t<div class=\"elementor-post__text\">\n\t\t\t\t<h3 class=\"elementor-post__title\">\n\t\t\t<a href=\"https:\/\/basakcaypinar.com\/it\/bademcik-ameliyati-hakkinda-merak-edilenler-nelerdir.html\" >\n\t\t\t\tBademcik Ameliyat\u0131 Hakk\u0131nda Merak Edilenler Nelerdir?\t\t\t<\/a>\n\t\t<\/h3>\n\t\t\t\t<\/div>\n\t\t\t\t\t<\/div>\n\t\t<\/article>\n\t\t\t\t<article class=\"elementor-post elementor-grid-item post-3755 post type-post status-publish format-standard has-post-thumbnail hentry category-blog\">\n\t\t\t<div class=\"elementor-post__card\">\n\t\t\t\t<a class=\"elementor-post__thumbnail__link\" href=\"https:\/\/basakcaypinar.com\/it\/kulak-estetigi-otoplasti-nedir-ve-nasil-yapilir.html\" ><div class=\"elementor-post__thumbnail\"><img loading=\"lazy\" decoding=\"async\" width=\"1000\" height=\"670\" src=\"https:\/\/basakcaypinar.com\/it\/wp-content\/uploads\/2023\/12\/kulak-estetigi-otoplasti-nedir-ve-nasil-yapilir-1.jpg\" class=\"attachment-full size-full wp-image-3758\" alt=\"\" srcset=\"https:\/\/basakcaypinar.com\/it\/wp-content\/uploads\/2023\/12\/kulak-estetigi-otoplasti-nedir-ve-nasil-yapilir-1.jpg 1000w, https:\/\/basakcaypinar.com\/it\/wp-content\/uploads\/2023\/12\/kulak-estetigi-otoplasti-nedir-ve-nasil-yapilir-1-300x201.jpg 300w\" sizes=\"(max-width: 1000px) 100vw, 1000px\" \/><\/div><\/a>\n\t\t\t\t<div class=\"elementor-post__text\">\n\t\t\t\t<h3 class=\"elementor-post__title\">\n\t\t\t<a href=\"https:\/\/basakcaypinar.com\/it\/kulak-estetigi-otoplasti-nedir-ve-nasil-yapilir.html\" >\n\t\t\t\tKulak Esteti\u011fi (Otoplasti) Nedir ve Nas\u0131l Yap\u0131l\u0131r?\t\t\t<\/a>\n\t\t<\/h3>\n\t\t\t\t<\/div>\n\t\t\t\t\t<\/div>\n\t\t<\/article>\n\t\t\t\t<\/div>\n\t\t\n\t\t\t\t\t\t<\/div>\n\t\t\t\t<\/div>\n\t\t\t\t\t<\/div>\n\t\t<\/div>\n\t\t\t\t\t<\/div>\n\t\t<\/section>\n\t\t\t\t<\/div>\n\t\t","protected":false},"excerpt":{"rendered":"<p>Blog<\/p>\n","protected":false},"author":1,"featured_media":0,"parent":0,"menu_order":0,"comment_status":"closed","ping_status":"closed","template":"","meta":{"_lmt_disableupdate":"","_lmt_disable":"","_joinchat":[],"footnotes":""},"class_list":["post-2283","page","type-page","status-publish","hentry"],"aioseo_notices":[],"_links":{"self":[{"href":"https:\/\/basakcaypinar.com\/it\/wp-json\/wp\/v2\/pages\/2283","targetHints":{"allow":["GET"]}}],"collection":[{"href":"https:\/\/basakcaypinar.com\/it\/wp-json\/wp\/v2\/pages"}],"about":[{"href":"https:\/\/basakcaypinar.com\/it\/wp-json\/wp\/v2\/types\/page"}],"author":[{"embeddable":true,"href":"https:\/\/basakcaypinar.com\/it\/wp-json\/wp\/v2\/users\/1"}],"replies":[{"embeddable":true,"href":"https:\/\/basakcaypinar.com\/it\/wp-json\/wp\/v2\/comments?post=2283"}],"version-history":[{"count":19,"href":"https:\/\/basakcaypinar.com\/it\/wp-json\/wp\/v2\/pages\/2283\/revisions"}],"predecessor-version":[{"id":3823,"href":"https:\/\/basakcaypinar.com\/it\/wp-json\/wp\/v2\/pages\/2283\/revisions\/3823"}],"wp:attachment":[{"href":"https:\/\/basakcaypinar.com\/it\/wp-json\/wp\/v2\/media?parent=2283"}],"curies":[{"name":"wp","href":"https:\/\/api.w.org\/{rel}","templated":true}]}}