{"id":888,"date":"2023-11-05T16:34:21","date_gmt":"2023-11-05T13:34:21","guid":{"rendered":"https:\/\/basakcaypinar.com\/en\/?page_id=888"},"modified":"2025-07-08T14:46:05","modified_gmt":"2025-07-08T11:46:05","slug":"about-us","status":"publish","type":"page","link":"https:\/\/basakcaypinar.com\/en\/about-us","title":{"rendered":"About Us"},"content":{"rendered":"\t\t<div data-elementor-type=\"wp-page\" data-elementor-id=\"888\" class=\"elementor elementor-888\">\n\t\t\t\t\t\t\t\t\t<section class=\"elementor-section elementor-top-section elementor-element elementor-element-71616a9 elementor-section-stretched elementor-section-boxed elementor-section-height-default elementor-section-height-default wpr-particle-no wpr-jarallax-no wpr-parallax-no wpr-sticky-section-no\" data-id=\"71616a9\" data-element_type=\"section\" data-settings=\"{&quot;background_background&quot;:&quot;classic&quot;,&quot;stretch_section&quot;:&quot;section-stretched&quot;}\">\n\t\t\t\t\t\t<div class=\"elementor-container elementor-column-gap-default\">\n\t\t\t\t\t<div class=\"elementor-column elementor-col-100 elementor-top-column elementor-element elementor-element-e5581ad\" data-id=\"e5581ad\" data-element_type=\"column\">\n\t\t\t<div class=\"elementor-widget-wrap elementor-element-populated\">\n\t\t\t\t\t\t\t\t<div class=\"elementor-element elementor-element-392d5f5 elementor-widget elementor-widget-heading\" data-id=\"392d5f5\" data-element_type=\"widget\" data-widget_type=\"heading.default\">\n\t\t\t\t<div class=\"elementor-widget-container\">\n\t\t\t<style>\/*! elementor - v3.17.0 - 01-11-2023 *\/\n.elementor-heading-title{padding:0;margin:0;line-height:1}.elementor-widget-heading .elementor-heading-title[class*=elementor-size-]>a{color:inherit;font-size:inherit;line-height:inherit}.elementor-widget-heading .elementor-heading-title.elementor-size-small{font-size:15px}.elementor-widget-heading .elementor-heading-title.elementor-size-medium{font-size:19px}.elementor-widget-heading .elementor-heading-title.elementor-size-large{font-size:29px}.elementor-widget-heading .elementor-heading-title.elementor-size-xl{font-size:39px}.elementor-widget-heading .elementor-heading-title.elementor-size-xxl{font-size:59px}<\/style><h1 class=\"elementor-heading-title elementor-size-default\">About Us<\/h1>\t\t<\/div>\n\t\t\t\t<\/div>\n\t\t\t\t<div class=\"elementor-element elementor-element-33bec5d elementor-widget elementor-widget-heading\" data-id=\"33bec5d\" data-element_type=\"widget\" data-widget_type=\"heading.default\">\n\t\t\t\t<div class=\"elementor-widget-container\">\n\t\t\t<div class=\"elementor-heading-title elementor-size-default\"><div class=\"aioseo-breadcrumbs\"><span class=\"aioseo-breadcrumb\">\n\tAnasayfa\n<\/span><\/div><\/div>\t\t<\/div>\n\t\t\t\t<\/div>\n\t\t\t\t\t<\/div>\n\t\t<\/div>\n\t\t\t\t\t\t\t<\/div>\n\t\t<\/section>\n\t\t\t\t<section class=\"elementor-section elementor-top-section elementor-element elementor-element-2f239db elementor-section-stretched elementor-section-boxed elementor-section-height-default elementor-section-height-default wpr-particle-no wpr-jarallax-no wpr-parallax-no wpr-sticky-section-no\" data-id=\"2f239db\" data-element_type=\"section\" data-settings=\"{&quot;background_background&quot;:&quot;classic&quot;,&quot;stretch_section&quot;:&quot;section-stretched&quot;}\">\n\t\t\t\t\t\t<div class=\"elementor-container elementor-column-gap-default\">\n\t\t\t\t\t<div class=\"elementor-column elementor-col-50 elementor-top-column elementor-element elementor-element-f7ca427\" data-id=\"f7ca427\" data-element_type=\"column\">\n\t\t\t<div class=\"elementor-widget-wrap elementor-element-populated\">\n\t\t\t\t\t\t\t\t<div class=\"elementor-element elementor-element-0b57dba elementor-hidden-desktop elementor-hidden-tablet elementor-widget elementor-widget-image\" data-id=\"0b57dba\" data-element_type=\"widget\" data-widget_type=\"image.default\">\n\t\t\t\t<div class=\"elementor-widget-container\">\n\t\t\t<style>\/*! elementor - v3.17.0 - 01-11-2023 *\/\n.elementor-widget-image{text-align:center}.elementor-widget-image a{display:inline-block}.elementor-widget-image a img[src$=\".svg\"]{width:48px}.elementor-widget-image img{vertical-align:middle;display:inline-block}<\/style>\t\t\t\t\t\t\t\t\t\t\t\t<img fetchpriority=\"high\" decoding=\"async\" width=\"1000\" height=\"1000\" src=\"https:\/\/basakcaypinar.com\/en\/wp-content\/uploads\/2024\/01\/about-mobil1.jpg\" class=\"attachment-full size-full wp-image-4112\" alt=\"\" srcset=\"https:\/\/basakcaypinar.com\/en\/wp-content\/uploads\/2024\/01\/about-mobil1.jpg 1000w, https:\/\/basakcaypinar.com\/en\/wp-content\/uploads\/2024\/01\/about-mobil1-300x300.jpg 300w, https:\/\/basakcaypinar.com\/en\/wp-content\/uploads\/2024\/01\/about-mobil1-150x150.jpg 150w\" sizes=\"(max-width: 1000px) 100vw, 1000px\" \/>\t\t\t\t\t\t\t\t\t\t\t\t\t\t\t<\/div>\n\t\t\t\t<\/div>\n\t\t\t\t<div class=\"elementor-element elementor-element-648f213 elementor-widget elementor-widget-heading\" data-id=\"648f213\" data-element_type=\"widget\" data-widget_type=\"heading.default\">\n\t\t\t\t<div class=\"elementor-widget-container\">\n\t\t\t<div class=\"elementor-heading-title elementor-size-default\">Ear Nose Throat Specialist<\/div>\t\t<\/div>\n\t\t\t\t<\/div>\n\t\t\t\t<div class=\"elementor-element elementor-element-cce51f4 elementor-widget elementor-widget-heading\" data-id=\"cce51f4\" data-element_type=\"widget\" data-widget_type=\"heading.default\">\n\t\t\t\t<div class=\"elementor-widget-container\">\n\t\t\t<h2 class=\"elementor-heading-title elementor-size-default\">Op. Dr. Ba\u015fak \u00c7ayp\u0131nar<\/h2>\t\t<\/div>\n\t\t\t\t<\/div>\n\t\t\t\t<div class=\"elementor-element elementor-element-2d83810 elementor-widget elementor-widget-spacer\" data-id=\"2d83810\" data-element_type=\"widget\" data-widget_type=\"spacer.default\">\n\t\t\t\t<div class=\"elementor-widget-container\">\n\t\t\t<style>\/*! elementor - v3.17.0 - 01-11-2023 *\/\n.elementor-column .elementor-spacer-inner{height:var(--spacer-size)}.e-con{--container-widget-width:100%}.e-con-inner>.elementor-widget-spacer,.e-con>.elementor-widget-spacer{width:var(--container-widget-width,var(--spacer-size));--align-self:var(--container-widget-align-self,initial);--flex-shrink:0}.e-con-inner>.elementor-widget-spacer>.elementor-widget-container,.e-con>.elementor-widget-spacer>.elementor-widget-container{height:100%;width:100%}.e-con-inner>.elementor-widget-spacer>.elementor-widget-container>.elementor-spacer,.e-con>.elementor-widget-spacer>.elementor-widget-container>.elementor-spacer{height:100%}.e-con-inner>.elementor-widget-spacer>.elementor-widget-container>.elementor-spacer>.elementor-spacer-inner,.e-con>.elementor-widget-spacer>.elementor-widget-container>.elementor-spacer>.elementor-spacer-inner{height:var(--container-widget-height,var(--spacer-size))}.e-con-inner>.elementor-widget-spacer.elementor-widget-empty,.e-con>.elementor-widget-spacer.elementor-widget-empty{position:relative;min-height:22px;min-width:22px}.e-con-inner>.elementor-widget-spacer.elementor-widget-empty .elementor-widget-empty-icon,.e-con>.elementor-widget-spacer.elementor-widget-empty .elementor-widget-empty-icon{position:absolute;top:0;bottom:0;left:0;right:0;margin:auto;padding:0;width:22px;height:22px}<\/style>\t\t<div class=\"elementor-spacer\">\n\t\t\t<div class=\"elementor-spacer-inner\"><\/div>\n\t\t<\/div>\n\t\t\t\t<\/div>\n\t\t\t\t<\/div>\n\t\t\t\t<div class=\"elementor-element elementor-element-930a1ae elementor-widget elementor-widget-text-editor\" data-id=\"930a1ae\" data-element_type=\"widget\" data-widget_type=\"text-editor.default\">\n\t\t\t\t<div class=\"elementor-widget-container\">\n\t\t\t<style>\/*! elementor - v3.17.0 - 01-11-2023 *\/\n.elementor-widget-text-editor.elementor-drop-cap-view-stacked .elementor-drop-cap{background-color:#69727d;color:#fff}.elementor-widget-text-editor.elementor-drop-cap-view-framed .elementor-drop-cap{color:#69727d;border:3px solid;background-color:transparent}.elementor-widget-text-editor:not(.elementor-drop-cap-view-default) .elementor-drop-cap{margin-top:8px}.elementor-widget-text-editor:not(.elementor-drop-cap-view-default) .elementor-drop-cap-letter{width:1em;height:1em}.elementor-widget-text-editor .elementor-drop-cap{float:left;text-align:center;line-height:1;font-size:50px}.elementor-widget-text-editor .elementor-drop-cap-letter{display:inline-block}<\/style>\t\t\t\t<p><strong>Dr. Ba\u015fak \u00c7ayp\u0131nar;<\/strong> Born in Konya in 1983, she completed her primary education in Konya \u0130nk\u0131lap Primary School, then Konya Meram Anatolian High School as the 8th in Konya and Konya Meram Science High School as the 45th in Konya. In 2007, he graduated from Istanbul University Cerrahpa\u015fa Faculty of Medicine, TUS in Turkey 365th in \u00dcmraniye Training and Research Hospital as the ear, nose and throat department won. In 2013, he completed his specialization, and during his specialization period, he worked as an observer doctor with Dr. Kennedy and Dr. Palmer, who are considered to be autors in the field of endoscopic sinus surgery at the University of Pennsylvania in the United States of America.<\/p><p>After his specialization, he completed his compulsory service in Isparta Yalva\u00e7 State Hospital and while practicing the art of medicine in the private sector since 2015, he has been continuing his academic studies as a faculty member at Istanbul Gelisim University since 2017.<\/p><p><strong>Dr. \u00c7ayp\u0131nar; He has been accepting patients in his own clinic in Atak\u00f6y since 2022.<\/strong><\/p>\t\t\t\t\t\t<\/div>\n\t\t\t\t<\/div>\n\t\t\t\t\t<\/div>\n\t\t<\/div>\n\t\t\t\t<div class=\"elementor-column elementor-col-50 elementor-top-column elementor-element elementor-element-077d3b7\" data-id=\"077d3b7\" data-element_type=\"column\">\n\t\t\t<div class=\"elementor-widget-wrap\">\n\t\t\t\t\t\t\t\t\t<\/div>\n\t\t<\/div>\n\t\t\t\t\t\t\t<\/div>\n\t\t<\/section>\n\t\t\t\t<section class=\"elementor-section elementor-top-section elementor-element elementor-element-9baf8f1 elementor-section-stretched elementor-section-boxed elementor-section-height-default elementor-section-height-default wpr-particle-no wpr-jarallax-no wpr-parallax-no wpr-sticky-section-no\" data-id=\"9baf8f1\" data-element_type=\"section\" data-settings=\"{&quot;background_background&quot;:&quot;classic&quot;,&quot;stretch_section&quot;:&quot;section-stretched&quot;}\">\n\t\t\t\t\t\t<div class=\"elementor-container elementor-column-gap-default\">\n\t\t\t\t\t<div class=\"elementor-column elementor-col-50 elementor-top-column elementor-element elementor-element-449c94b\" data-id=\"449c94b\" data-element_type=\"column\">\n\t\t\t<div class=\"elementor-widget-wrap elementor-element-populated\">\n\t\t\t\t\t\t\t\t<div class=\"elementor-element elementor-element-6a5bcf6 elementor-widget elementor-widget-heading\" data-id=\"6a5bcf6\" data-element_type=\"widget\" data-widget_type=\"heading.default\">\n\t\t\t\t<div class=\"elementor-widget-container\">\n\t\t\t<h2 class=\"elementor-heading-title elementor-size-default\">Courses and Conferences Attended<\/h2>\t\t<\/div>\n\t\t\t\t<\/div>\n\t\t\t\t<div class=\"elementor-element elementor-element-a55fed1 elementor-widget elementor-widget-spacer\" data-id=\"a55fed1\" data-element_type=\"widget\" data-widget_type=\"spacer.default\">\n\t\t\t\t<div class=\"elementor-widget-container\">\n\t\t\t\t\t<div class=\"elementor-spacer\">\n\t\t\t<div class=\"elementor-spacer-inner\"><\/div>\n\t\t<\/div>\n\t\t\t\t<\/div>\n\t\t\t\t<\/div>\n\t\t\t\t<div class=\"elementor-element elementor-element-5b44572 elementor-widget elementor-widget-text-editor\" data-id=\"5b44572\" data-element_type=\"widget\" data-widget_type=\"text-editor.default\">\n\t\t\t\t<div class=\"elementor-widget-container\">\n\t\t\t\t\t\t\t<p>Marmara University Animal Experiments Course 3-14 October 2011; Istanbul<br \/>Interactive RPAC (Rhinoplasty and Apnea Surgery) Meetings; May 23, 2009; Ankara<br \/>Istanbul ENT-BBC Specialists Association 1st Congress &amp; SKYBD Workshop; June 20-21, 2009; Istanbul<br \/>9th International Congress of Otolaryngology and Head and Neck Surgery; April 8-10, 2010; Ankara<br \/>Videoconferences-8; March 26-28, 2010; Adana<br \/>Difference of Interpretation in ENT; September 15-17, 2010; Sapanca<br \/>32nd Turkish National Otorhinolaryngology and Head and Neck Surgery Congress; October 27-31, 2010; Antalya<br \/>The Penn International Rhinology an Skull Base Dissection Course, March 10-12, 2011; Pennsylvania; USA.<br \/>Applied Endoscopic Sinus Surgery Course in Cadaver; December 2-4, 2011; Akdeniz University Faculty of Medicine<br \/>8th Turkish Rhinology Congress; May 24-27, 2012; Antalya<br \/>AAO-HNSF 2012 Annual Meeting &amp; Auto Expo; September 9-12, 2012; Washington, USA.<br \/>10th Rhinocamp; May 08-12, 2013; Bodrum<br \/>9th Turkish Rhinology Congress; May 23-26, 2013; Antalya<br \/>Aesthetic Meeting of Nose and Eye; September 29, 2013; Sapanca<br \/>8th National Facial Plastic Surgery Association Meeting; December 5-7, 2014; Ankara<br \/>Advances in Rhinoplasty; May 14-17, 2015; Chicago; USA.<\/p>\t\t\t\t\t\t<\/div>\n\t\t\t\t<\/div>\n\t\t\t\t\t<\/div>\n\t\t<\/div>\n\t\t\t\t<div class=\"elementor-column elementor-col-50 elementor-top-column elementor-element elementor-element-2dfad0b\" data-id=\"2dfad0b\" data-element_type=\"column\">\n\t\t\t<div class=\"elementor-widget-wrap elementor-element-populated\">\n\t\t\t\t\t\t\t\t<div class=\"elementor-element elementor-element-b9c89b7 elementor-widget elementor-widget-heading\" data-id=\"b9c89b7\" data-element_type=\"widget\" data-widget_type=\"heading.default\">\n\t\t\t\t<div class=\"elementor-widget-container\">\n\t\t\t<h2 class=\"elementor-heading-title elementor-size-default\">Awards<\/h2>\t\t<\/div>\n\t\t\t\t<\/div>\n\t\t\t\t<div class=\"elementor-element elementor-element-740d707 elementor-widget elementor-widget-spacer\" data-id=\"740d707\" data-element_type=\"widget\" data-widget_type=\"spacer.default\">\n\t\t\t\t<div class=\"elementor-widget-container\">\n\t\t\t\t\t<div class=\"elementor-spacer\">\n\t\t\t<div class=\"elementor-spacer-inner\"><\/div>\n\t\t<\/div>\n\t\t\t\t<\/div>\n\t\t\t\t<\/div>\n\t\t\t\t<div class=\"elementor-element elementor-element-2c19190 elementor-widget elementor-widget-text-editor\" data-id=\"2c19190\" data-element_type=\"widget\" data-widget_type=\"text-editor.default\">\n\t\t\t\t<div class=\"elementor-widget-container\">\n\t\t\t\t\t\t\t<p>35th Turkish National Otorhinolaryngology and Head and Neck Surgery Congress Best Researcher Third Prize<\/p>\t\t\t\t\t\t<\/div>\n\t\t\t\t<\/div>\n\t\t\t\t<div class=\"elementor-element elementor-element-13a7d90 elementor-widget elementor-widget-spacer\" data-id=\"13a7d90\" data-element_type=\"widget\" data-widget_type=\"spacer.default\">\n\t\t\t\t<div class=\"elementor-widget-container\">\n\t\t\t\t\t<div class=\"elementor-spacer\">\n\t\t\t<div class=\"elementor-spacer-inner\"><\/div>\n\t\t<\/div>\n\t\t\t\t<\/div>\n\t\t\t\t<\/div>\n\t\t\t\t<div class=\"elementor-element elementor-element-2dc6c0a elementor-widget elementor-widget-image\" data-id=\"2dc6c0a\" data-element_type=\"widget\" data-widget_type=\"image.default\">\n\t\t\t\t<div class=\"elementor-widget-container\">\n\t\t\t\t\t\t\t\t\t\t\t\t\t\t\t\t<a ref=\"magnificPopup\" href=\"https:\/\/basakcaypinar.com\/en\/wp-content\/uploads\/2024\/01\/odul.jpg\" data-elementor-open-lightbox=\"yes\" data-elementor-lightbox-title=\"odul\" data-e-action-hash=\"#elementor-action%3Aaction%3Dlightbox%26settings%3DeyJpZCI6NDExNywidXJsIjoiaHR0cHM6XC9cL2Jhc2FrY2F5cGluYXIuY29tXC9lblwvd3AtY29udGVudFwvdXBsb2Fkc1wvMjAyNFwvMDFcL29kdWwuanBnIn0%3D\">\n\t\t\t\t\t\t\t<img decoding=\"async\" width=\"2265\" height=\"1636\" src=\"https:\/\/basakcaypinar.com\/en\/wp-content\/uploads\/2024\/01\/odul.jpg\" class=\"attachment-full size-full wp-image-4117\" alt=\"\" srcset=\"https:\/\/basakcaypinar.com\/en\/wp-content\/uploads\/2024\/01\/odul.jpg 2265w, https:\/\/basakcaypinar.com\/en\/wp-content\/uploads\/2024\/01\/odul-300x217.jpg 300w, https:\/\/basakcaypinar.com\/en\/wp-content\/uploads\/2024\/01\/odul-1024x740.jpg 1024w\" sizes=\"(max-width: 2265px) 100vw, 2265px\" \/>\t\t\t\t\t\t\t\t<\/a>\n\t\t\t\t\t\t\t\t\t\t\t\t\t\t\t<\/div>\n\t\t\t\t<\/div>\n\t\t\t\t\t<\/div>\n\t\t<\/div>\n\t\t\t\t\t\t\t<\/div>\n\t\t<\/section>\n\t\t<div class=\"elementor-element elementor-element-469b62b e-flex e-con-boxed wpr-particle-no wpr-jarallax-no wpr-parallax-no wpr-sticky-section-no e-con e-parent\" data-id=\"469b62b\" data-element_type=\"container\" data-settings=\"{&quot;content_width&quot;:&quot;boxed&quot;}\" data-core-v316-plus=\"true\">\n\t\t\t\t\t<div class=\"e-con-inner\">\n\t\t\t\t<div class=\"elementor-element elementor-element-2fe4b45 elementor-widget elementor-widget-image\" data-id=\"2fe4b45\" data-element_type=\"widget\" data-widget_type=\"image.default\">\n\t\t\t\t<div class=\"elementor-widget-container\">\n\t\t\t\t\t\t\t\t\t\t\t\t\t\t\t<img decoding=\"async\" width=\"1600\" height=\"1129\" src=\"https:\/\/basakcaypinar.com\/en\/wp-content\/uploads\/2025\/07\/IMG-20250707-WA0017.jpg\" class=\"attachment-full size-full wp-image-4204\" alt=\"\" srcset=\"https:\/\/basakcaypinar.com\/en\/wp-content\/uploads\/2025\/07\/IMG-20250707-WA0017.jpg 1600w, https:\/\/basakcaypinar.com\/en\/wp-content\/uploads\/2025\/07\/IMG-20250707-WA0017-300x212.jpg 300w, https:\/\/basakcaypinar.com\/en\/wp-content\/uploads\/2025\/07\/IMG-20250707-WA0017-1024x723.jpg 1024w\" sizes=\"(max-width: 1600px) 100vw, 1600px\" \/>\t\t\t\t\t\t\t\t\t\t\t\t\t\t\t<\/div>\n\t\t\t\t<\/div>\n\t\t\t\t\t<\/div>\n\t\t\t\t<\/div>\n\t\t\t\t\t\t\t<\/div>\n\t\t","protected":false},"excerpt":{"rendered":"<p>About Us Ear Nose Throat Specialist Op. Dr. Ba\u015fak \u00c7ayp\u0131nar Dr. Ba\u015fak \u00c7ayp\u0131nar; Born in Konya in 1983, she completed her primary education in Konya \u0130nk\u0131lap Primary School, then Konya Meram Anatolian High School as the 8th in Konya and Konya Meram Science High School as the 45th in Konya. In 2007, he graduated from&#8230;<\/p>\n","protected":false},"author":1,"featured_media":0,"parent":0,"menu_order":0,"comment_status":"closed","ping_status":"closed","template":"","meta":{"_lmt_disableupdate":"","_lmt_disable":"","footnotes":""},"class_list":["post-888","page","type-page","status-publish","hentry"],"aioseo_notices":[],"_links":{"self":[{"href":"https:\/\/basakcaypinar.com\/en\/wp-json\/wp\/v2\/pages\/888","targetHints":{"allow":["GET"]}}],"collection":[{"href":"https:\/\/basakcaypinar.com\/en\/wp-json\/wp\/v2\/pages"}],"about":[{"href":"https:\/\/basakcaypinar.com\/en\/wp-json\/wp\/v2\/types\/page"}],"author":[{"embeddable":true,"href":"https:\/\/basakcaypinar.com\/en\/wp-json\/wp\/v2\/users\/1"}],"replies":[{"embeddable":true,"href":"https:\/\/basakcaypinar.com\/en\/wp-json\/wp\/v2\/comments?post=888"}],"version-history":[{"count":240,"href":"https:\/\/basakcaypinar.com\/en\/wp-json\/wp\/v2\/pages\/888\/revisions"}],"predecessor-version":[{"id":4282,"href":"https:\/\/basakcaypinar.com\/en\/wp-json\/wp\/v2\/pages\/888\/revisions\/4282"}],"wp:attachment":[{"href":"https:\/\/basakcaypinar.com\/en\/wp-json\/wp\/v2\/media?parent=888"}],"curies":[{"name":"wp","href":"https:\/\/api.w.org\/{rel}","templated":true}]}}